{"id":6285,"date":"2024-01-06T18:21:09","date_gmt":"2024-01-06T18:21:09","guid":{"rendered":"https:\/\/maureenmartineau.com\/?page_id=6285"},"modified":"2024-03-02T21:35:08","modified_gmt":"2024-03-02T21:35:08","slug":"medias","status":"publish","type":"page","link":"https:\/\/maureenmartineau.com\/en\/medias\/","title":{"rendered":"Media"},"content":{"rendered":"<p>[et_pb_section fb_built=\u00a0\u00bb1&Prime; custom_padding_last_edited=\u00a0\u00bbon|phone\u00a0\u00bb module_id=\u00a0\u00bb#media\u00a0\u00bb _builder_version=\u00a0\u00bb4.24.2&Prime; _module_preset=\u00a0\u00bbdefault\u00a0\u00bb background_color=\u00a0\u00bb#040200&Prime; custom_padding=\u00a0\u00bb94px|||||\u00a0\u00bb custom_padding_tablet=\u00a0\u00bb94px|||||\u00a0\u00bb custom_padding_phone=\u00a0\u00bb49px||16px||false|false\u00a0\u00bb locked=\u00a0\u00bboff\u00a0\u00bb global_colors_info=\u00a0\u00bb{}\u00a0\u00bb][et_pb_row custom_padding_last_edited=\u00a0\u00bbon|phone\u00a0\u00bb _builder_version=\u00a0\u00bb4.22.2&Prime; _module_preset=\u00a0\u00bbdefault\u00a0\u00bb custom_margin=\u00a0\u00bb40px|auto||auto||\u00a0\u00bb custom_padding_tablet=\u00a0\u00bb\u00a0\u00bb custom_padding_phone=\u00a0\u00bb0px||16px||false|false\u00a0\u00bb animation_style=\u00a0\u00bbfade\u00a0\u00bb animation_duration=\u00a0\u00bb1400ms\u00a0\u00bb global_colors_info=\u00a0\u00bb{}\u00a0\u00bb][et_pb_column type=\u00a0\u00bb4_4&Prime; _builder_version=\u00a0\u00bb4.22.1&Prime; _module_preset=\u00a0\u00bbdefault\u00a0\u00bb global_colors_info=\u00a0\u00bb{}\u00a0\u00bb][et_pb_text _builder_version=\u00a0\u00bb4.24.2&Prime; _module_preset=\u00a0\u00bbdefault\u00a0\u00bb header_font=\u00a0\u00bb|700||on|||||\u00a0\u00bb header_text_align=\u00a0\u00bbcenter\u00a0\u00bb header_text_color=\u00a0\u00bb#faf9f6&Prime; header_font_size=\u00a0\u00bb39px\u00a0\u00bb header_letter_spacing=\u00a0\u00bb1px\u00a0\u00bb header_2_text_align=\u00a0\u00bbcenter\u00a0\u00bb header_2_text_color=\u00a0\u00bb#ffffff\u00a0\u00bb global_colors_info=\u00a0\u00bb{}\u00a0\u00bb]<\/p>\n<h1>M\u00e9dias<\/h1>\n<p>[\/et_pb_text][\/et_pb_column][\/et_pb_row][et_pb_row _builder_version=\u00a0\u00bb4.24.2&Prime; _module_preset=\u00a0\u00bbdefault\u00a0\u00bb width=\u00a0\u00bb90%\u00a0\u00bb width_tablet=\u00a0\u00bb90%\u00a0\u00bb width_phone=\u00a0\u00bb90%\u00a0\u00bb width_last_edited=\u00a0\u00bbon|desktop\u00a0\u00bb hover_enabled=\u00a0\u00bb0&Prime; global_colors_info=\u00a0\u00bb{}\u00a0\u00bb sticky_enabled=\u00a0\u00bb0&Prime; custom_padding=\u00a0\u00bb9px|||||\u00a0\u00bb][et_pb_column type=\u00a0\u00bb4_4&Prime; _builder_version=\u00a0\u00bb4.22.1&Prime; _module_preset=\u00a0\u00bbdefault\u00a0\u00bb global_colors_info=\u00a0\u00bb{}\u00a0\u00bb][et_pb_text _builder_version=\u00a0\u00bb4.24.2&Prime; _module_preset=\u00a0\u00bbdefault\u00a0\u00bb header_text_align=\u00a0\u00bbleft\u00a0\u00bb header_text_color=\u00a0\u00bb#ffffff\u00a0\u00bb header_5_text_align=\u00a0\u00bbleft\u00a0\u00bb header_5_text_color=\u00a0\u00bb#ffffff\u00a0\u00bb header_5_letter_spacing=\u00a0\u00bb1px\u00a0\u00bb custom_padding=\u00a0\u00bb|20px||20px|false|true\u00a0\u00bb custom_padding_tablet=\u00a0\u00bb|20px||20px|false|true\u00a0\u00bb custom_padding_phone=\u00a0\u00bb|5px||5px|false|true\u00a0\u00bb custom_padding_last_edited=\u00a0\u00bbon|phone\u00a0\u00bb global_colors_info=\u00a0\u00bb{}\u00a0\u00bb]<\/p>\n<h5>Show d&rsquo;chaises: Saison 1 \u00e9pisode 12<\/h5>\n<p>[\/et_pb_text][et_pb_video_slider show_image_overlay=\u00a0\u00bbon\u00a0\u00bb show_thumbnails=\u00a0\u00bboff\u00a0\u00bb _builder_version=\u00a0\u00bb4.24.2&Prime; _module_preset=\u00a0\u00bbdefault\u00a0\u00bb custom_padding=\u00a0\u00bb20px|20px|20px|20px|true|true\u00a0\u00bb custom_padding_tablet=\u00a0\u00bb20px|20px|20px|20px|true|true\u00a0\u00bb custom_padding_phone=\u00a0\u00bb|5px||5px|true|true\u00a0\u00bb custom_padding_last_edited=\u00a0\u00bbon|phone\u00a0\u00bb global_colors_info=\u00a0\u00bb{}\u00a0\u00bb][et_pb_video_slider_item src=\u00a0\u00bbhttps:\/\/www.youtube.com\/watch?v=XrWuUdPGHus\u00a0\u00bb image_src=\u00a0\u00bbhttps:\/\/maureenmartineau.com\/wp-content\/uploads\/2023\/08\/fabrique.jpg\u00a0\u00bb play_icon_color=\u00a0\u00bb#ffffff\u00a0\u00bb use_icon_font_size=\u00a0\u00bbon\u00a0\u00bb icon_font_size=\u00a0\u00bb35px\u00a0\u00bb _builder_version=\u00a0\u00bb4.22.2&Prime; _module_preset=\u00a0\u00bbdefault\u00a0\u00bb global_colors_info=\u00a0\u00bb{}\u00a0\u00bb show_image_overlay=\u00a0\u00bbon\u00a0\u00bb][\/et_pb_video_slider_item][\/et_pb_video_slider][\/et_pb_column][\/et_pb_row][et_pb_row custom_padding_last_edited=\u00a0\u00bbon|phone\u00a0\u00bb _builder_version=\u00a0\u00bb4.24.2&Prime; _module_preset=\u00a0\u00bbdefault\u00a0\u00bb width=\u00a0\u00bb90%\u00a0\u00bb custom_margin=\u00a0\u00bb30px||||false|false\u00a0\u00bb custom_margin_tablet=\u00a0\u00bb30px||||false|false\u00a0\u00bb custom_margin_phone=\u00a0\u00bb10px||||false|false\u00a0\u00bb custom_margin_last_edited=\u00a0\u00bbon|phone\u00a0\u00bb custom_padding=\u00a0\u00bb20px|20px|20px|20px|true|true\u00a0\u00bb custom_padding_tablet=\u00a0\u00bb20px|20px|20px|20px|true|true\u00a0\u00bb custom_padding_phone=\u00a0\u00bb|5px||5px|true|true\u00a0\u00bb border_width_top=\u00a0\u00bb1px\u00a0\u00bb global_colors_info=\u00a0\u00bb{}\u00a0\u00bb][et_pb_column type=\u00a0\u00bb4_4&Prime; _builder_version=\u00a0\u00bb4.22.2&Prime; _module_preset=\u00a0\u00bbdefault\u00a0\u00bb global_colors_info=\u00a0\u00bb{}\u00a0\u00bb][et_pb_text _builder_version=\u00a0\u00bb4.22.2&Prime; _module_preset=\u00a0\u00bbdefault\u00a0\u00bb text_text_color=\u00a0\u00bb#ffffff\u00a0\u00bb header_text_align=\u00a0\u00bbleft\u00a0\u00bb header_text_color=\u00a0\u00bb#ffffff\u00a0\u00bb header_5_text_align=\u00a0\u00bbleft\u00a0\u00bb header_5_text_color=\u00a0\u00bb#ffffff\u00a0\u00bb header_5_letter_spacing=\u00a0\u00bb1px\u00a0\u00bb custom_margin=\u00a0\u00bb||||false|false\u00a0\u00bb custom_margin_tablet=\u00a0\u00bb|||20px|false|false\u00a0\u00bb custom_margin_phone=\u00a0\u00bb|||10px|false|false\u00a0\u00bb custom_margin_last_edited=\u00a0\u00bbon|phone\u00a0\u00bb custom_padding=\u00a0\u00bb||||false|false\u00a0\u00bb global_colors_info=\u00a0\u00bb{}\u00a0\u00bb button_text_size_phone=\u00a0\u00bb18px\u00a0\u00bb button_text_size_last_edited=\u00a0\u00bbon|phone\u00a0\u00bb button_text_size_tablet=\u00a0\u00bb18px\u00a0\u00bb]<\/p>\n<p>Entrevue avec Radio-Canada sur Les enfants de Godmann<\/p>\n<p>[\/et_pb_text][et_pb_button button_url=\u00a0\u00bbhttps:\/\/ici.radio-canada.ca\/nouvelle\/1931002\/maureen-martineau-enfants-godmann-5-questions\u00a0\u00bb url_new_window=\u00a0\u00bbon\u00a0\u00bb button_text=\u00a0\u00bbVoir plus\u00a0\u00bb button_alignment=\u00a0\u00bbleft\u00a0\u00bb button_alignment_tablet=\u00a0\u00bbleft\u00a0\u00bb button_alignment_phone=\u00a0\u00bbcenter\u00a0\u00bb button_alignment_last_edited=\u00a0\u00bbon|phone\u00a0\u00bb _builder_version=\u00a0\u00bb4.24.2&Prime; _module_preset=\u00a0\u00bbdefault\u00a0\u00bb custom_button=\u00a0\u00bbon\u00a0\u00bb button_text_size=\u00a0\u00bb18px\u00a0\u00bb button_text_color=\u00a0\u00bb#B60000&Prime; button_bg_color=\u00a0\u00bb#000000&Prime; button_letter_spacing=\u00a0\u00bb1px\u00a0\u00bb button_font=\u00a0\u00bb|||on|||||\u00a0\u00bb custom_margin=\u00a0\u00bb||||false|false\u00a0\u00bb custom_margin_tablet=\u00a0\u00bb|||20px|false|false\u00a0\u00bb custom_margin_phone=\u00a0\u00bb|||0px|false|false\u00a0\u00bb custom_margin_last_edited=\u00a0\u00bbon|phone\u00a0\u00bb custom_padding=\u00a0\u00bb||||false|false\u00a0\u00bb button_text_size_tablet=\u00a0\u00bb18px\u00a0\u00bb button_text_size_phone=\u00a0\u00bb16px\u00a0\u00bb button_text_size_last_edited=\u00a0\u00bbon|phone\u00a0\u00bb global_colors_info=\u00a0\u00bb{}\u00a0\u00bb][\/et_pb_button][\/et_pb_column][\/et_pb_row][et_pb_row custom_padding_last_edited=\u00a0\u00bbon|phone\u00a0\u00bb _builder_version=\u00a0\u00bb4.24.2&Prime; _module_preset=\u00a0\u00bbdefault\u00a0\u00bb width=\u00a0\u00bb90%\u00a0\u00bb min_height=\u00a0\u00bb111.8px\u00a0\u00bb custom_margin=\u00a0\u00bb30px|auto|-17px|auto|false|false\u00a0\u00bb custom_margin_tablet=\u00a0\u00bb30px|auto|-17px|auto|false|false\u00a0\u00bb custom_margin_phone=\u00a0\u00bb20px||||false|false\u00a0\u00bb custom_margin_last_edited=\u00a0\u00bbon|phone\u00a0\u00bb custom_padding=\u00a0\u00bb20px|20px|20px|20px|true|true\u00a0\u00bb custom_padding_tablet=\u00a0\u00bb20px|20px|20px|20px|true|true\u00a0\u00bb custom_padding_phone=\u00a0\u00bb|5px|0px|5px|false|true\u00a0\u00bb hover_enabled=\u00a0\u00bb0&Prime; border_width_top=\u00a0\u00bb1px\u00a0\u00bb global_colors_info=\u00a0\u00bb{}\u00a0\u00bb sticky_enabled=\u00a0\u00bb0&Prime;][et_pb_column type=\u00a0\u00bb4_4&Prime; _builder_version=\u00a0\u00bb4.22.2&Prime; _module_preset=\u00a0\u00bbdefault\u00a0\u00bb global_colors_info=\u00a0\u00bb{}\u00a0\u00bb][et_pb_text _builder_version=\u00a0\u00bb4.24.2&Prime; _module_preset=\u00a0\u00bbdefault\u00a0\u00bb text_text_color=\u00a0\u00bb#ffffff\u00a0\u00bb header_text_align=\u00a0\u00bbleft\u00a0\u00bb header_text_color=\u00a0\u00bb#ffffff\u00a0\u00bb header_5_text_align=\u00a0\u00bbleft\u00a0\u00bb header_5_text_color=\u00a0\u00bb#ffffff\u00a0\u00bb header_5_letter_spacing=\u00a0\u00bb1px\u00a0\u00bb global_colors_info=\u00a0\u00bb{}\u00a0\u00bb]<\/p>\n<p>Entrevue radio avec Les Malins sur Les enfants de Godmann<\/p>\n<p>[\/et_pb_text][et_pb_button button_url=\u00a0\u00bbhttps:\/\/ici.radio-canada.ca\/ohdio\/premiere\/emissions\/les-malins\/segments\/chronique\/430072\/maureen-martineau-livre-litterature-enfants-godmann\u00a0\u00bb url_new_window=\u00a0\u00bbon\u00a0\u00bb button_text=\u00a0\u00bb\u00c9couter\u00a0\u00bb button_alignment=\u00a0\u00bbleft\u00a0\u00bb button_alignment_tablet=\u00a0\u00bbleft\u00a0\u00bb button_alignment_phone=\u00a0\u00bbcenter\u00a0\u00bb button_alignment_last_edited=\u00a0\u00bbon|phone\u00a0\u00bb _builder_version=\u00a0\u00bb4.24.2&Prime; _module_preset=\u00a0\u00bbdefault\u00a0\u00bb custom_button=\u00a0\u00bbon\u00a0\u00bb button_text_size=\u00a0\u00bb18px\u00a0\u00bb button_text_color=\u00a0\u00bb#B60000&Prime; button_bg_color=\u00a0\u00bb#000000&Prime; button_letter_spacing=\u00a0\u00bb1px\u00a0\u00bb button_font=\u00a0\u00bb|||on|||||\u00a0\u00bb custom_margin=\u00a0\u00bb||45px||false|false\u00a0\u00bb custom_margin_tablet=\u00a0\u00bb|||20px|false|false\u00a0\u00bb custom_margin_phone=\u00a0\u00bb|||0px|false|false\u00a0\u00bb custom_margin_last_edited=\u00a0\u00bbon|phone\u00a0\u00bb custom_padding=\u00a0\u00bb||||false|false\u00a0\u00bb hover_enabled=\u00a0\u00bb0&Prime; button_text_size_tablet=\u00a0\u00bb18px\u00a0\u00bb button_text_size_phone=\u00a0\u00bb16px\u00a0\u00bb button_text_size_last_edited=\u00a0\u00bbon|phone\u00a0\u00bb global_colors_info=\u00a0\u00bb{}\u00a0\u00bb sticky_enabled=\u00a0\u00bb0&Prime;][\/et_pb_button][\/et_pb_column][\/et_pb_row][et_pb_row custom_padding_last_edited=\u00a0\u00bbon|phone\u00a0\u00bb _builder_version=\u00a0\u00bb4.24.2&Prime; _module_preset=\u00a0\u00bbdefault\u00a0\u00bb width=\u00a0\u00bb90%\u00a0\u00bb custom_margin_tablet=\u00a0\u00bb\u00a0\u00bb custom_margin_phone=\u00a0\u00bb13px|auto||auto|false|false\u00a0\u00bb custom_margin_last_edited=\u00a0\u00bbon|phone\u00a0\u00bb custom_padding=\u00a0\u00bb|20px||20px|false|true\u00a0\u00bb custom_padding_tablet=\u00a0\u00bb|20px||20px|false|true\u00a0\u00bb custom_padding_phone=\u00a0\u00bb|5px|14px|5px|false|true\u00a0\u00bb border_width_top=\u00a0\u00bb1px\u00a0\u00bb global_colors_info=\u00a0\u00bb{}\u00a0\u00bb][et_pb_column type=\u00a0\u00bb4_4&Prime; _builder_version=\u00a0\u00bb4.22.2&Prime; _module_preset=\u00a0\u00bbdefault\u00a0\u00bb global_colors_info=\u00a0\u00bb{}\u00a0\u00bb][et_pb_text _builder_version=\u00a0\u00bb4.24.2&Prime; _module_preset=\u00a0\u00bbdefault\u00a0\u00bb text_text_color=\u00a0\u00bb#ffffff\u00a0\u00bb custom_margin=\u00a0\u00bb22px|||||\u00a0\u00bb custom_margin_tablet=\u00a0\u00bb22px|||||\u00a0\u00bb custom_margin_phone=\u00a0\u00bb-7px||||false|false\u00a0\u00bb custom_margin_last_edited=\u00a0\u00bbon|phone\u00a0\u00bb custom_padding=\u00a0\u00bb||||false|false\u00a0\u00bb global_colors_info=\u00a0\u00bb{}\u00a0\u00bb]<\/p>\n<p>Chrystine Brouillet a ador\u00e9 ZEC LA CROCHE de Maureen Martineau!<br \/>Elle partage son enthousiasme \u00e0 Salut Bonjour.<\/p>\n<p>[\/et_pb_text][et_pb_button button_url=\u00a0\u00bbhttps:\/\/bit.ly\/SBZEC\u00a0\u00bb url_new_window=\u00a0\u00bbon\u00a0\u00bb button_text=\u00a0\u00bb\u00c9COUTER\u00a0\u00bb button_alignment=\u00a0\u00bbleft\u00a0\u00bb button_alignment_tablet=\u00a0\u00bbleft\u00a0\u00bb button_alignment_phone=\u00a0\u00bbcenter\u00a0\u00bb button_alignment_last_edited=\u00a0\u00bbon|phone\u00a0\u00bb _builder_version=\u00a0\u00bb4.24.2&Prime; _module_preset=\u00a0\u00bbdefault\u00a0\u00bb custom_button=\u00a0\u00bbon\u00a0\u00bb button_text_size=\u00a0\u00bb18px\u00a0\u00bb button_text_color=\u00a0\u00bb#B60000&Prime; button_bg_color=\u00a0\u00bb#000000&Prime; button_letter_spacing=\u00a0\u00bb1px\u00a0\u00bb button_font=\u00a0\u00bb|||on|||||\u00a0\u00bb custom_margin=\u00a0\u00bb||||false|false\u00a0\u00bb custom_margin_tablet=\u00a0\u00bb|||20px|false|false\u00a0\u00bb custom_margin_phone=\u00a0\u00bb|||0px|false|false\u00a0\u00bb custom_margin_last_edited=\u00a0\u00bbon|phone\u00a0\u00bb custom_padding=\u00a0\u00bb|20px||20px|false|true\u00a0\u00bb button_text_size_tablet=\u00a0\u00bb18px\u00a0\u00bb button_text_size_phone=\u00a0\u00bb16px\u00a0\u00bb button_text_size_last_edited=\u00a0\u00bbon|phone\u00a0\u00bb global_colors_info=\u00a0\u00bb{}\u00a0\u00bb][\/et_pb_button][\/et_pb_column][\/et_pb_row][\/et_pb_section]<\/p>\n","protected":false},"excerpt":{"rendered":"<p>M\u00e9diasShow d&rsquo;chaises: Saison 1 \u00e9pisode 12Entrevue avec Radio-Canada sur Les enfants de GodmannEntrevue radio avec Les Malins sur Les enfants de GodmannChrystine Brouillet a ador\u00e9 ZEC LA CROCHE de Maureen Martineau!Elle partage son enthousiasme \u00e0 Salut Bonjour.<\/p>","protected":false},"author":1,"featured_media":0,"parent":0,"menu_order":0,"comment_status":"closed","ping_status":"closed","template":"","meta":{"_et_pb_use_builder":"on","_et_pb_old_content":"","_et_gb_content_width":"","footnotes":""},"class_list":["post-6285","page","type-page","status-publish","hentry"],"yoast_head":"<!-- This site is optimized with the Yoast SEO plugin v27.3 - https:\/\/yoast.com\/product\/yoast-seo-wordpress\/ -->\n<title>M\u00e9dias - Maureen Martineau<\/title>\n<meta name=\"robots\" content=\"index, follow, max-snippet:-1, max-image-preview:large, max-video-preview:-1\" \/>\n<link rel=\"canonical\" href=\"https:\/\/maureenmartineau.com\/en\/medias\/\" \/>\n<meta property=\"og:locale\" content=\"en_US\" \/>\n<meta property=\"og:type\" content=\"article\" \/>\n<meta property=\"og:title\" content=\"M\u00e9dias - Maureen Martineau\" \/>\n<meta property=\"og:description\" content=\"M\u00e9diasShow d&#039;chaises: Saison 1 \u00e9pisode 12Entrevue avec Radio-Canada sur Les enfants de GodmannEntrevue radio avec Les Malins sur Les enfants de GodmannChrystine Brouillet a ador\u00e9 ZEC LA CROCHE de Maureen Martineau!Elle partage son enthousiasme \u00e0 Salut Bonjour.\" \/>\n<meta property=\"og:url\" content=\"https:\/\/maureenmartineau.com\/en\/medias\/\" \/>\n<meta property=\"og:site_name\" content=\"Maureen Martineau\" \/>\n<meta property=\"article:modified_time\" content=\"2024-03-02T21:35:08+00:00\" \/>\n<meta name=\"twitter:card\" content=\"summary_large_image\" \/>\n<script type=\"application\/ld+json\" class=\"yoast-schema-graph\">{\"@context\":\"https:\\\/\\\/schema.org\",\"@graph\":[{\"@type\":\"WebPage\",\"@id\":\"https:\\\/\\\/maureenmartineau.com\\\/medias\\\/\",\"url\":\"https:\\\/\\\/maureenmartineau.com\\\/medias\\\/\",\"name\":\"M\u00e9dias - Maureen Martineau\",\"isPartOf\":{\"@id\":\"https:\\\/\\\/maureenmartineau.com\\\/#website\"},\"datePublished\":\"2024-01-06T18:21:09+00:00\",\"dateModified\":\"2024-03-02T21:35:08+00:00\",\"breadcrumb\":{\"@id\":\"https:\\\/\\\/maureenmartineau.com\\\/medias\\\/#breadcrumb\"},\"inLanguage\":\"en-CA\",\"potentialAction\":[{\"@type\":\"ReadAction\",\"target\":[\"https:\\\/\\\/maureenmartineau.com\\\/medias\\\/\"]}]},{\"@type\":\"BreadcrumbList\",\"@id\":\"https:\\\/\\\/maureenmartineau.com\\\/medias\\\/#breadcrumb\",\"itemListElement\":[{\"@type\":\"ListItem\",\"position\":1,\"name\":\"Accueil\",\"item\":\"https:\\\/\\\/maureenmartineau.com\\\/\"},{\"@type\":\"ListItem\",\"position\":2,\"name\":\"M\u00e9dias\"}]},{\"@type\":\"WebSite\",\"@id\":\"https:\\\/\\\/maureenmartineau.com\\\/#website\",\"url\":\"https:\\\/\\\/maureenmartineau.com\\\/\",\"name\":\"Maureen Martineau\",\"description\":\"\",\"publisher\":{\"@id\":\"https:\\\/\\\/maureenmartineau.com\\\/#organization\"},\"potentialAction\":[{\"@type\":\"SearchAction\",\"target\":{\"@type\":\"EntryPoint\",\"urlTemplate\":\"https:\\\/\\\/maureenmartineau.com\\\/?s={search_term_string}\"},\"query-input\":{\"@type\":\"PropertyValueSpecification\",\"valueRequired\":true,\"valueName\":\"search_term_string\"}}],\"inLanguage\":\"en-CA\"},{\"@type\":\"Organization\",\"@id\":\"https:\\\/\\\/maureenmartineau.com\\\/#organization\",\"name\":\"Maureen Martineau\",\"url\":\"https:\\\/\\\/maureenmartineau.com\\\/\",\"logo\":{\"@type\":\"ImageObject\",\"inLanguage\":\"en-CA\",\"@id\":\"https:\\\/\\\/maureenmartineau.com\\\/#\\\/schema\\\/logo\\\/image\\\/\",\"url\":\"https:\\\/\\\/maureenmartineau.com\\\/wp-content\\\/uploads\\\/2023\\\/09\\\/maureenmartineau-Blanche-Bulles-photographie-_--1024x976.jpg\",\"contentUrl\":\"https:\\\/\\\/maureenmartineau.com\\\/wp-content\\\/uploads\\\/2023\\\/09\\\/maureenmartineau-Blanche-Bulles-photographie-_--1024x976.jpg\",\"width\":1024,\"height\":976,\"caption\":\"Maureen Martineau\"},\"image\":{\"@id\":\"https:\\\/\\\/maureenmartineau.com\\\/#\\\/schema\\\/logo\\\/image\\\/\"}}]}<\/script>\n<!-- \/ Yoast SEO plugin. -->","yoast_head_json":{"title":"M\u00e9dias - Maureen Martineau","robots":{"index":"index","follow":"follow","max-snippet":"max-snippet:-1","max-image-preview":"max-image-preview:large","max-video-preview":"max-video-preview:-1"},"canonical":"https:\/\/maureenmartineau.com\/en\/medias\/","og_locale":"en_US","og_type":"article","og_title":"M\u00e9dias - Maureen Martineau","og_description":"M\u00e9diasShow d'chaises: Saison 1 \u00e9pisode 12Entrevue avec Radio-Canada sur Les enfants de GodmannEntrevue radio avec Les Malins sur Les enfants de GodmannChrystine Brouillet a ador\u00e9 ZEC LA CROCHE de Maureen Martineau!Elle partage son enthousiasme \u00e0 Salut Bonjour.","og_url":"https:\/\/maureenmartineau.com\/en\/medias\/","og_site_name":"Maureen Martineau","article_modified_time":"2024-03-02T21:35:08+00:00","twitter_card":"summary_large_image","schema":{"@context":"https:\/\/schema.org","@graph":[{"@type":"WebPage","@id":"https:\/\/maureenmartineau.com\/medias\/","url":"https:\/\/maureenmartineau.com\/medias\/","name":"M\u00e9dias - Maureen Martineau","isPartOf":{"@id":"https:\/\/maureenmartineau.com\/#website"},"datePublished":"2024-01-06T18:21:09+00:00","dateModified":"2024-03-02T21:35:08+00:00","breadcrumb":{"@id":"https:\/\/maureenmartineau.com\/medias\/#breadcrumb"},"inLanguage":"en-CA","potentialAction":[{"@type":"ReadAction","target":["https:\/\/maureenmartineau.com\/medias\/"]}]},{"@type":"BreadcrumbList","@id":"https:\/\/maureenmartineau.com\/medias\/#breadcrumb","itemListElement":[{"@type":"ListItem","position":1,"name":"Accueil","item":"https:\/\/maureenmartineau.com\/"},{"@type":"ListItem","position":2,"name":"M\u00e9dias"}]},{"@type":"WebSite","@id":"https:\/\/maureenmartineau.com\/#website","url":"https:\/\/maureenmartineau.com\/","name":"Maureen Martineau","description":"","publisher":{"@id":"https:\/\/maureenmartineau.com\/#organization"},"potentialAction":[{"@type":"SearchAction","target":{"@type":"EntryPoint","urlTemplate":"https:\/\/maureenmartineau.com\/?s={search_term_string}"},"query-input":{"@type":"PropertyValueSpecification","valueRequired":true,"valueName":"search_term_string"}}],"inLanguage":"en-CA"},{"@type":"Organization","@id":"https:\/\/maureenmartineau.com\/#organization","name":"Maureen Martineau","url":"https:\/\/maureenmartineau.com\/","logo":{"@type":"ImageObject","inLanguage":"en-CA","@id":"https:\/\/maureenmartineau.com\/#\/schema\/logo\/image\/","url":"https:\/\/maureenmartineau.com\/wp-content\/uploads\/2023\/09\/maureenmartineau-Blanche-Bulles-photographie-_--1024x976.jpg","contentUrl":"https:\/\/maureenmartineau.com\/wp-content\/uploads\/2023\/09\/maureenmartineau-Blanche-Bulles-photographie-_--1024x976.jpg","width":1024,"height":976,"caption":"Maureen Martineau"},"image":{"@id":"https:\/\/maureenmartineau.com\/#\/schema\/logo\/image\/"}}]}},"_links":{"self":[{"href":"https:\/\/maureenmartineau.com\/en\/wp-json\/wp\/v2\/pages\/6285","targetHints":{"allow":["GET"]}}],"collection":[{"href":"https:\/\/maureenmartineau.com\/en\/wp-json\/wp\/v2\/pages"}],"about":[{"href":"https:\/\/maureenmartineau.com\/en\/wp-json\/wp\/v2\/types\/page"}],"author":[{"embeddable":true,"href":"https:\/\/maureenmartineau.com\/en\/wp-json\/wp\/v2\/users\/1"}],"replies":[{"embeddable":true,"href":"https:\/\/maureenmartineau.com\/en\/wp-json\/wp\/v2\/comments?post=6285"}],"version-history":[{"count":24,"href":"https:\/\/maureenmartineau.com\/en\/wp-json\/wp\/v2\/pages\/6285\/revisions"}],"predecessor-version":[{"id":6735,"href":"https:\/\/maureenmartineau.com\/en\/wp-json\/wp\/v2\/pages\/6285\/revisions\/6735"}],"wp:attachment":[{"href":"https:\/\/maureenmartineau.com\/en\/wp-json\/wp\/v2\/media?parent=6285"}],"curies":[{"name":"wp","href":"https:\/\/api.w.org\/{rel}","templated":true}]}}