{"id":6282,"date":"2024-01-06T18:17:20","date_gmt":"2024-01-06T18:17:20","guid":{"rendered":"https:\/\/maureenmartineau.com\/?page_id=6282"},"modified":"2024-03-02T21:30:39","modified_gmt":"2024-03-02T21:30:39","slug":"prix-et-distinctions","status":"publish","type":"page","link":"https:\/\/maureenmartineau.com\/en\/prix-et-distinctions\/","title":{"rendered":"Awards and Recognition"},"content":{"rendered":"<p>[et_pb_section fb_built=\u00a0\u00bb1&Prime; custom_padding_last_edited=\u00a0\u00bbon|phone\u00a0\u00bb admin_label=\u00a0\u00bbSection\u00a0\u00bb module_id=\u00a0\u00bbprix_distinctions\u00a0\u00bb _builder_version=\u00a0\u00bb4.24.2&Prime; _module_preset=\u00a0\u00bbdefault\u00a0\u00bb background_color=\u00a0\u00bb#040200&Prime; custom_margin_tablet=\u00a0\u00bb\u00a0\u00bb custom_margin_phone=\u00a0\u00bb0px||||false|false\u00a0\u00bb custom_margin_last_edited=\u00a0\u00bbon|phone\u00a0\u00bb custom_padding=\u00a0\u00bb92px||15px|||\u00a0\u00bb custom_padding_tablet=\u00a0\u00bb\u00a0\u00bb custom_padding_phone=\u00a0\u00bb20px||0px||false|false\u00a0\u00bb hover_enabled=\u00a0\u00bb0&Prime; locked=\u00a0\u00bboff\u00a0\u00bb global_colors_info=\u00a0\u00bb{}\u00a0\u00bb border_color_all=\u00a0\u00bbRGBA(255,255,255,0)\u00a0\u00bb sticky_enabled=\u00a0\u00bb0&Prime;][et_pb_row custom_padding_last_edited=\u00a0\u00bbon|phone\u00a0\u00bb _builder_version=\u00a0\u00bb4.24.2&Prime; _module_preset=\u00a0\u00bbdefault\u00a0\u00bb width=\u00a0\u00bb90%\u00a0\u00bb min_height=\u00a0\u00bb89px\u00a0\u00bb custom_margin=\u00a0\u00bb23px|auto||auto||\u00a0\u00bb custom_margin_tablet=\u00a0\u00bb23px|auto||auto||\u00a0\u00bb custom_margin_phone=\u00a0\u00bb30px|auto||auto|false|false\u00a0\u00bb custom_margin_last_edited=\u00a0\u00bbon|phone\u00a0\u00bb custom_padding_tablet=\u00a0\u00bb\u00a0\u00bb custom_padding_phone=\u00a0\u00bb30px||0px||false|false\u00a0\u00bb animation_style=\u00a0\u00bbfade\u00a0\u00bb animation_duration=\u00a0\u00bb1400ms\u00a0\u00bb hover_enabled=\u00a0\u00bb0&Prime; global_colors_info=\u00a0\u00bb{}\u00a0\u00bb sticky_enabled=\u00a0\u00bb0&Prime;][et_pb_column type=\u00a0\u00bb4_4&Prime; _builder_version=\u00a0\u00bb4.22.1&Prime; _module_preset=\u00a0\u00bbdefault\u00a0\u00bb global_colors_info=\u00a0\u00bb{}\u00a0\u00bb][et_pb_text _builder_version=\u00a0\u00bb4.24.2&Prime; _module_preset=\u00a0\u00bbdefault\u00a0\u00bb text_font_size=\u00a0\u00bb25px\u00a0\u00bb text_letter_spacing=\u00a0\u00bb1px\u00a0\u00bb header_font=\u00a0\u00bb|700||on|||||\u00a0\u00bb header_text_align=\u00a0\u00bbcenter\u00a0\u00bb header_text_color=\u00a0\u00bb#faf9f6&Prime; header_font_size=\u00a0\u00bb39px\u00a0\u00bb header_letter_spacing=\u00a0\u00bb1px\u00a0\u00bb header_2_text_align=\u00a0\u00bbcenter\u00a0\u00bb header_2_text_color=\u00a0\u00bb#ffffff\u00a0\u00bb header_font_size_tablet=\u00a0\u00bb\u00a0\u00bb header_font_size_phone=\u00a0\u00bb30px\u00a0\u00bb header_font_size_last_edited=\u00a0\u00bbon|phone\u00a0\u00bb global_colors_info=\u00a0\u00bb{}\u00a0\u00bb]<\/p>\n<h1>Prix et distinctions<\/h1>\n<p>[\/et_pb_text][\/et_pb_column][\/et_pb_row][et_pb_row custom_padding_last_edited=\u00a0\u00bbon|phone\u00a0\u00bb _builder_version=\u00a0\u00bb4.24.2&Prime; _module_preset=\u00a0\u00bbdefault\u00a0\u00bb width=\u00a0\u00bb100%\u00a0\u00bb width_tablet=\u00a0\u00bb100%\u00a0\u00bb width_phone=\u00a0\u00bb100%\u00a0\u00bb width_last_edited=\u00a0\u00bbon|phone\u00a0\u00bb max_width=\u00a0\u00bb1300px\u00a0\u00bb max_width_tablet=\u00a0\u00bb1300px\u00a0\u00bb max_width_phone=\u00a0\u00bb1080px\u00a0\u00bb max_width_last_edited=\u00a0\u00bbon|phone\u00a0\u00bb module_alignment=\u00a0\u00bbcenter\u00a0\u00bb custom_padding=\u00a0\u00bb10px|||||\u00a0\u00bb custom_padding_tablet=\u00a0\u00bb\u00a0\u00bb custom_padding_phone=\u00a0\u00bb|20px||20px|false|true\u00a0\u00bb hover_enabled=\u00a0\u00bb0&Prime; module_alignment_tablet=\u00a0\u00bbcenter\u00a0\u00bb module_alignment_phone=\u00a0\u00bbcenter\u00a0\u00bb module_alignment_last_edited=\u00a0\u00bbon|phone\u00a0\u00bb global_colors_info=\u00a0\u00bb{}\u00a0\u00bb border_color_all=\u00a0\u00bbRGBA(255,255,255,0)\u00a0\u00bb sticky_enabled=\u00a0\u00bb0&Prime;][et_pb_column type=\u00a0\u00bb4_4&Prime; _builder_version=\u00a0\u00bb4.24.2&Prime; _module_preset=\u00a0\u00bbdefault\u00a0\u00bb hover_enabled=\u00a0\u00bb0&Prime; global_colors_info=\u00a0\u00bb{}\u00a0\u00bb border_color_all=\u00a0\u00bbRGBA(255,255,255,0)\u00a0\u00bb sticky_enabled=\u00a0\u00bb0&Prime;][et_pb_text content_tablet=\u00a0\u00bb<\/p>\n<ul>\n<li><strong>2022<\/strong>   Bourse reconnaissance du CALQ, Artiste de l\u2019ann\u00e9e Centre-du-Qu\u00e9bec.<\/li>\n<li><strong>2022<\/strong>   Bourse Voyagement CALQ pour le Festival international du roman noir \u00e0 Frontignan, France.<\/li>\n<li><strong>2021<\/strong>   Soutien SODEC pour adaptation t\u00e9l\u00e9visuelle d\u2019une oeuvre litt\u00e9raire <em>Zec La Croche<\/em>.<\/li>\n<li><strong>2020<\/strong>  Bourse du Conseil des arts du Canada, pour l\u2019\u00e9criture de <em>Les enfants de Godmann<\/em>, roman policier paru chez VLB.<\/li>\n<li><strong>2019<\/strong>   Prix Litt\u00e9rature Centre-du-Qu\u00e9bec lors du GalArt 2019.<\/li>\n<li><strong>2018<\/strong>   Prix Saint-Pac\u00f4me du roman policier 2018, finaliste meilleur roman policier, <em>La Ville Allumette<\/em>.<\/li>\n<li><strong>2017<\/strong>   Prix Georges Dor par la Soci\u00e9t\u00e9 Saint-Jean-Baptiste du Centre-du-Qu\u00e9bec.<\/li>\n<li><strong>2017<\/strong>   Bourse de partenariat territorial du Centre-du-Qu\u00e9bec, CALQ pour la co-\u00e9criture de <em>Sang M\u00eal\u00e9, notes de voyage en en territoire ab\u00e9nakis<\/em>.<\/li>\n<li><strong>2017<\/strong>   Bourse de d\u00e9placement du CAC pour Colloque Boucheron du roman policier anglophone \u00e0 Toronto.<\/li>\n<li><strong>2016<\/strong>   Prix Litt\u00e9rature Centre-du-Qu\u00e9bec lors du GalArt 2016.<\/li>\n<li><strong>2014<\/strong>   Bourse du programme pour les arts et les lettres pour le Centre-du-Qu\u00e9bec, CALQ, pour l\u2019\u00e9criture de <em>La ville Allumette<\/em>.<\/li>\n<li><strong>2014<\/strong>   R\u00e9cipiendaire du Prix Arthur Ellis du Crime Writers of Canada dans la cat\u00e9gorie r\u00e9compensant le meilleur roman policier canadien de langue                    fran\u00e7aise, pour <em>L\u2019enfant promis<em>.<\/em><\/em><\/li>\n<li><strong>2013<\/strong>   R\u00e9cipiendaire du Prix \u00e0 la cr\u00e9ation artistique du CALQ pour le Centre-du-Qu\u00e9bec, pour <em>L\u2019enfant promis<\/em>.<\/li>\n<li><strong>2012<\/strong>   Bourse du programme pour les arts et les lettres pour le Centre-du-Qu\u00e9bec, CALQ, pour l\u2019\u00e9criture de <em>L\u2019activiste le jour des morts<\/em>.<\/li>\n<li><strong>2000<\/strong>  R\u00e9cipiendaire du Prix \u00e0 la cr\u00e9ation artistique du CALQ pour la Mauricie-Centre-du-Qu\u00e9bec.<\/li>\n<\/ul>\n<p>\u00a0\u00bb content_phone=\u00a0\u00bb<\/p>\n<ul>\n<li><strong>2022<\/strong> Bourse reconnaissance du CALQ, Artiste de l\u2019ann\u00e9e Centre-du-Qu\u00e9bec.<\/li>\n<li><strong>2022<\/strong> Bourse Voyagement CALQ pour le Festival international du roman noir \u00e0 Frontignan, France.<\/li>\n<li><strong>2021<\/strong> Soutien SODEC pour adaptation t\u00e9l\u00e9visuelle d\u2019une oeuvre litt\u00e9raire <em>Zec La Croche<\/em>.<\/li>\n<li><strong>2020<\/strong> Bourse du Conseil des arts du Canada, pour l\u2019\u00e9criture de <em>Les enfants de Godmann<\/em>, roman policier paru chez VLB.<\/li>\n<li><strong>2019<\/strong> Prix Litt\u00e9rature Centre-du-Qu\u00e9bec lors du GalArt 2019.<\/li>\n<li><strong>2018<\/strong> Prix Saint-Pac\u00f4me du roman policier 2018, finaliste meilleur roman policier, <em>La Ville Allumette<\/em>.<\/li>\n<li><strong>2017<\/strong> Prix Georges Dor par la Soci\u00e9t\u00e9 Saint-Jean-Baptiste du Centre-du-Qu\u00e9bec.<\/li>\n<li><strong>2017<\/strong> Bourse de partenariat territorial du Centre-du-Qu\u00e9bec, CALQ pour la co-\u00e9criture de <em>Sang M\u00eal\u00e9, notes de voyage en en territoire ab\u00e9nakis<\/em>.<\/li>\n<li><strong>2017<\/strong> Bourse de d\u00e9placement du CAC pour Colloque Boucheron du roman policier anglophone \u00e0 Toronto.<\/li>\n<li><strong>2016<\/strong> Prix Litt\u00e9rature Centre-du-Qu\u00e9bec lors du GalArt 2016.<\/li>\n<li><strong>2014<\/strong> Bourse du programme pour les arts et les lettres pour le Centre-du-Qu\u00e9bec, CALQ, pour l\u2019\u00e9criture de <em>La ville Allumette<\/em>.<\/li>\n<li><strong>2014<\/strong> R\u00e9cipiendaire du Prix Arthur Ellis du Crime Writers of Canada dans la cat\u00e9gorie r\u00e9compensant le meilleur roman policier canadien de langue fran\u00e7aise, pour <em>L\u2019enfant promis<em>.<\/em><\/em><\/li>\n<li><strong>2013<\/strong> R\u00e9cipiendaire du Prix \u00e0 la cr\u00e9ation artistique du CALQ pour le Centre-du-Qu\u00e9bec, pour <em>L\u2019enfant promis<\/em>.<\/li>\n<li><strong>2012<\/strong> Bourse du programme pour les arts et les lettres pour le Centre-du-Qu\u00e9bec, CALQ, pour l\u2019\u00e9criture de <em>L\u2019activiste le jour des morts<\/em>.<\/li>\n<li><strong>2000<\/strong> R\u00e9cipiendaire du Prix \u00e0 la cr\u00e9ation artistique du CALQ pour la Mauricie-Centre-du-Qu\u00e9bec.<\/li>\n<\/ul>\n<p>\u00a0\u00bb content_last_edited=\u00a0\u00bbon|phone\u00a0\u00bb _builder_version=\u00a0\u00bb4.24.2&Prime; _module_preset=\u00a0\u00bbdefault\u00a0\u00bb text_text_color=\u00a0\u00bb#faf9f6&Prime; text_font_size=\u00a0\u00bb16px\u00a0\u00bb text_line_height=\u00a0\u00bb1.8em\u00a0\u00bb max_width=\u00a0\u00bb1300px\u00a0\u00bb custom_margin=\u00a0\u00bb5px|||20px|false|false\u00a0\u00bb custom_padding=\u00a0\u00bb20px|20px|20px|20px|true|true\u00a0\u00bb custom_padding_tablet=\u00a0\u00bb20px|20px|20px|20px|true|true\u00a0\u00bb custom_padding_phone=\u00a0\u00bb10px|5px|10px|5px|true|true\u00a0\u00bb custom_padding_last_edited=\u00a0\u00bbon|phone\u00a0\u00bb hover_enabled=\u00a0\u00bb0&Prime; module_alignment_tablet=\u00a0\u00bb\u00a0\u00bb module_alignment_phone=\u00a0\u00bbcenter\u00a0\u00bb module_alignment_last_edited=\u00a0\u00bbon|phone\u00a0\u00bb global_colors_info=\u00a0\u00bb{}\u00a0\u00bb border_color_all=\u00a0\u00bbRGBA(255,255,255,0)\u00a0\u00bb sticky_enabled=\u00a0\u00bb0&Prime;]<\/p>\n<ul>\n<li><strong>2022<\/strong>\u00a0 Bourse reconnaissance du CALQ, Artiste de l\u2019ann\u00e9e Centre-du-Qu\u00e9bec.<\/li>\n<li><strong>2022<\/strong>\u00a0 Bourse Voyagement CALQ pour le Festival international du roman noir \u00e0 Frontignan, France.<\/li>\n<li><strong>2021<\/strong>\u00a0 \u00a0Soutien SODEC pour adaptation t\u00e9l\u00e9visuelle d\u2019une oeuvre litt\u00e9raire <em>Zec La Croche<\/em>.<\/li>\n<li><strong>2020<\/strong>\u00a0 Bourse du Conseil des arts du Canada, pour l\u2019\u00e9criture de <em>Les enfants de Godmann<\/em>, roman policier paru chez VLB.<\/li>\n<li><strong>2019<\/strong>\u00a0 \u00a0Prix Litt\u00e9rature Centre-du-Qu\u00e9bec lors du GalArt 2019.<\/li>\n<li><strong>2018<\/strong>\u00a0 \u00a0Prix Saint-Pac\u00f4me du roman policier 2018, finaliste meilleur roman policier, <em>La Ville Allumette<\/em>.<\/li>\n<li><strong>2017<\/strong>\u00a0 \u00a0Prix Georges-Dor par la Soci\u00e9t\u00e9 Saint-Jean-Baptiste du Centre-du-Qu\u00e9bec.<\/li>\n<li><strong>2017<\/strong>\u00a0 \u00a0Bourse de partenariat territorial du Centre-du-Qu\u00e9bec, CALQ pour la co-\u00e9criture de <em>Sang M\u00eal\u00e9, notes de voyage en en territoire\u00a0ab\u00e9nakis<\/em>.<\/li>\n<li><strong>2017<\/strong>\u00a0 \u00a0Bourse de d\u00e9placement du CAC pour Colloque Boucheron du roman policier anglophone \u00e0 Toronto.<\/li>\n<li><strong>2016<\/strong>\u00a0 \u00a0Prix Litt\u00e9rature Centre-du-Qu\u00e9bec lors du GalArt 2016.<\/li>\n<li><strong>2014<\/strong>\u00a0 \u00a0Bourse du programme pour les arts et les lettres pour le Centre-du-Qu\u00e9bec, CALQ, pour l\u2019\u00e9criture de <em>La ville Allumette<\/em>.<\/li>\n<li><strong>2014<\/strong>\u00a0 \u00a0R\u00e9cipiendaire du Prix Arthur Ellis du Crime Writers of Canada dans la cat\u00e9gorie r\u00e9compensant le meilleur roman policier canadien de langue fran\u00e7aise, pour <em>L\u2019enfant promis<em>.<\/em><\/em><\/li>\n<li><strong>2013<\/strong>\u00a0 \u00a0R\u00e9cipiendaire du Prix \u00e0 la cr\u00e9ation artistique du CALQ pour le Centre-du-Qu\u00e9bec, pour <em>L\u2019enfant promis<\/em>.<\/li>\n<li><strong>2012<\/strong>\u00a0 \u00a0Bourse du programme pour les arts et les lettres pour le Centre-du-Qu\u00e9bec, CALQ, pour l\u2019\u00e9criture de <em>L\u2019activiste le jour des morts<\/em>.<\/li>\n<li><strong>2000<\/strong>\u00a0 R\u00e9cipiendaire du Prix \u00e0 la cr\u00e9ation artistique du CALQ pour la Mauricie-Centre-du-Qu\u00e9bec.<\/li>\n<\/ul>\n<p>[\/et_pb_text][\/et_pb_column][\/et_pb_row][\/et_pb_section]<\/p>\n","protected":false},"excerpt":{"rendered":"<p>Prix et distinctions 2022\u00a0 Bourse reconnaissance du CALQ, Artiste de l\u2019ann\u00e9e Centre-du-Qu\u00e9bec. 2022\u00a0 Bourse Voyagement CALQ pour le Festival international du roman noir \u00e0 Frontignan, France. 2021\u00a0 \u00a0Soutien SODEC pour adaptation t\u00e9l\u00e9visuelle d\u2019une oeuvre litt\u00e9raire Zec La Croche. 2020\u00a0 Bourse du Conseil des arts du Canada, pour l\u2019\u00e9criture de Les enfants de Godmann, roman policier [&hellip;]<\/p>\n","protected":false},"author":1,"featured_media":0,"parent":0,"menu_order":0,"comment_status":"closed","ping_status":"closed","template":"","meta":{"_et_pb_use_builder":"on","_et_pb_old_content":"","_et_gb_content_width":"","footnotes":""},"class_list":["post-6282","page","type-page","status-publish","hentry"],"yoast_head":"<!-- This site is optimized with the Yoast SEO plugin v27.5 - https:\/\/yoast.com\/product\/yoast-seo-wordpress\/ -->\n<title>Prix et distinctions - Maureen Martineau<\/title>\n<meta name=\"robots\" content=\"index, follow, max-snippet:-1, max-image-preview:large, max-video-preview:-1\" \/>\n<link rel=\"canonical\" href=\"https:\/\/maureenmartineau.com\/en\/prix-et-distinctions\/\" \/>\n<meta property=\"og:locale\" content=\"en_US\" \/>\n<meta property=\"og:type\" content=\"article\" \/>\n<meta property=\"og:title\" content=\"Prix et distinctions - Maureen Martineau\" \/>\n<meta property=\"og:description\" content=\"Prix et distinctions 2022\u00a0 Bourse reconnaissance du CALQ, Artiste de l\u2019ann\u00e9e Centre-du-Qu\u00e9bec. 2022\u00a0 Bourse Voyagement CALQ pour le Festival international du roman noir \u00e0 Frontignan, France. 2021\u00a0 \u00a0Soutien SODEC pour adaptation t\u00e9l\u00e9visuelle d\u2019une oeuvre litt\u00e9raire Zec La Croche. 2020\u00a0 Bourse du Conseil des arts du Canada, pour l\u2019\u00e9criture de Les enfants de Godmann, roman policier [&hellip;]\" \/>\n<meta property=\"og:url\" content=\"https:\/\/maureenmartineau.com\/en\/prix-et-distinctions\/\" \/>\n<meta property=\"og:site_name\" content=\"Maureen Martineau\" \/>\n<meta property=\"article:modified_time\" content=\"2024-03-02T21:30:39+00:00\" \/>\n<meta name=\"twitter:card\" content=\"summary_large_image\" \/>\n<script type=\"application\/ld+json\" class=\"yoast-schema-graph\">{\"@context\":\"https:\\\/\\\/schema.org\",\"@graph\":[{\"@type\":\"WebPage\",\"@id\":\"https:\\\/\\\/maureenmartineau.com\\\/prix-et-distinctions\\\/\",\"url\":\"https:\\\/\\\/maureenmartineau.com\\\/prix-et-distinctions\\\/\",\"name\":\"Prix et distinctions - Maureen Martineau\",\"isPartOf\":{\"@id\":\"https:\\\/\\\/maureenmartineau.com\\\/#website\"},\"datePublished\":\"2024-01-06T18:17:20+00:00\",\"dateModified\":\"2024-03-02T21:30:39+00:00\",\"breadcrumb\":{\"@id\":\"https:\\\/\\\/maureenmartineau.com\\\/prix-et-distinctions\\\/#breadcrumb\"},\"inLanguage\":\"en-CA\",\"potentialAction\":[{\"@type\":\"ReadAction\",\"target\":[\"https:\\\/\\\/maureenmartineau.com\\\/prix-et-distinctions\\\/\"]}]},{\"@type\":\"BreadcrumbList\",\"@id\":\"https:\\\/\\\/maureenmartineau.com\\\/prix-et-distinctions\\\/#breadcrumb\",\"itemListElement\":[{\"@type\":\"ListItem\",\"position\":1,\"name\":\"Accueil\",\"item\":\"https:\\\/\\\/maureenmartineau.com\\\/\"},{\"@type\":\"ListItem\",\"position\":2,\"name\":\"Prix et distinctions\"}]},{\"@type\":\"WebSite\",\"@id\":\"https:\\\/\\\/maureenmartineau.com\\\/#website\",\"url\":\"https:\\\/\\\/maureenmartineau.com\\\/\",\"name\":\"Maureen Martineau\",\"description\":\"\",\"publisher\":{\"@id\":\"https:\\\/\\\/maureenmartineau.com\\\/#organization\"},\"potentialAction\":[{\"@type\":\"SearchAction\",\"target\":{\"@type\":\"EntryPoint\",\"urlTemplate\":\"https:\\\/\\\/maureenmartineau.com\\\/?s={search_term_string}\"},\"query-input\":{\"@type\":\"PropertyValueSpecification\",\"valueRequired\":true,\"valueName\":\"search_term_string\"}}],\"inLanguage\":\"en-CA\"},{\"@type\":\"Organization\",\"@id\":\"https:\\\/\\\/maureenmartineau.com\\\/#organization\",\"name\":\"Maureen Martineau\",\"url\":\"https:\\\/\\\/maureenmartineau.com\\\/\",\"logo\":{\"@type\":\"ImageObject\",\"inLanguage\":\"en-CA\",\"@id\":\"https:\\\/\\\/maureenmartineau.com\\\/#\\\/schema\\\/logo\\\/image\\\/\",\"url\":\"https:\\\/\\\/maureenmartineau.com\\\/wp-content\\\/uploads\\\/2023\\\/09\\\/maureenmartineau-Blanche-Bulles-photographie-_--1024x976.jpg\",\"contentUrl\":\"https:\\\/\\\/maureenmartineau.com\\\/wp-content\\\/uploads\\\/2023\\\/09\\\/maureenmartineau-Blanche-Bulles-photographie-_--1024x976.jpg\",\"width\":1024,\"height\":976,\"caption\":\"Maureen Martineau\"},\"image\":{\"@id\":\"https:\\\/\\\/maureenmartineau.com\\\/#\\\/schema\\\/logo\\\/image\\\/\"}}]}<\/script>\n<!-- \/ Yoast SEO plugin. -->","yoast_head_json":{"title":"Prix et distinctions - Maureen Martineau","robots":{"index":"index","follow":"follow","max-snippet":"max-snippet:-1","max-image-preview":"max-image-preview:large","max-video-preview":"max-video-preview:-1"},"canonical":"https:\/\/maureenmartineau.com\/en\/prix-et-distinctions\/","og_locale":"en_US","og_type":"article","og_title":"Prix et distinctions - Maureen Martineau","og_description":"Prix et distinctions 2022\u00a0 Bourse reconnaissance du CALQ, Artiste de l\u2019ann\u00e9e Centre-du-Qu\u00e9bec. 2022\u00a0 Bourse Voyagement CALQ pour le Festival international du roman noir \u00e0 Frontignan, France. 2021\u00a0 \u00a0Soutien SODEC pour adaptation t\u00e9l\u00e9visuelle d\u2019une oeuvre litt\u00e9raire Zec La Croche. 2020\u00a0 Bourse du Conseil des arts du Canada, pour l\u2019\u00e9criture de Les enfants de Godmann, roman policier [&hellip;]","og_url":"https:\/\/maureenmartineau.com\/en\/prix-et-distinctions\/","og_site_name":"Maureen Martineau","article_modified_time":"2024-03-02T21:30:39+00:00","twitter_card":"summary_large_image","schema":{"@context":"https:\/\/schema.org","@graph":[{"@type":"WebPage","@id":"https:\/\/maureenmartineau.com\/prix-et-distinctions\/","url":"https:\/\/maureenmartineau.com\/prix-et-distinctions\/","name":"Prix et distinctions - Maureen Martineau","isPartOf":{"@id":"https:\/\/maureenmartineau.com\/#website"},"datePublished":"2024-01-06T18:17:20+00:00","dateModified":"2024-03-02T21:30:39+00:00","breadcrumb":{"@id":"https:\/\/maureenmartineau.com\/prix-et-distinctions\/#breadcrumb"},"inLanguage":"en-CA","potentialAction":[{"@type":"ReadAction","target":["https:\/\/maureenmartineau.com\/prix-et-distinctions\/"]}]},{"@type":"BreadcrumbList","@id":"https:\/\/maureenmartineau.com\/prix-et-distinctions\/#breadcrumb","itemListElement":[{"@type":"ListItem","position":1,"name":"Accueil","item":"https:\/\/maureenmartineau.com\/"},{"@type":"ListItem","position":2,"name":"Prix et distinctions"}]},{"@type":"WebSite","@id":"https:\/\/maureenmartineau.com\/#website","url":"https:\/\/maureenmartineau.com\/","name":"Maureen Martineau","description":"","publisher":{"@id":"https:\/\/maureenmartineau.com\/#organization"},"potentialAction":[{"@type":"SearchAction","target":{"@type":"EntryPoint","urlTemplate":"https:\/\/maureenmartineau.com\/?s={search_term_string}"},"query-input":{"@type":"PropertyValueSpecification","valueRequired":true,"valueName":"search_term_string"}}],"inLanguage":"en-CA"},{"@type":"Organization","@id":"https:\/\/maureenmartineau.com\/#organization","name":"Maureen Martineau","url":"https:\/\/maureenmartineau.com\/","logo":{"@type":"ImageObject","inLanguage":"en-CA","@id":"https:\/\/maureenmartineau.com\/#\/schema\/logo\/image\/","url":"https:\/\/maureenmartineau.com\/wp-content\/uploads\/2023\/09\/maureenmartineau-Blanche-Bulles-photographie-_--1024x976.jpg","contentUrl":"https:\/\/maureenmartineau.com\/wp-content\/uploads\/2023\/09\/maureenmartineau-Blanche-Bulles-photographie-_--1024x976.jpg","width":1024,"height":976,"caption":"Maureen Martineau"},"image":{"@id":"https:\/\/maureenmartineau.com\/#\/schema\/logo\/image\/"}}]}},"_links":{"self":[{"href":"https:\/\/maureenmartineau.com\/en\/wp-json\/wp\/v2\/pages\/6282","targetHints":{"allow":["GET"]}}],"collection":[{"href":"https:\/\/maureenmartineau.com\/en\/wp-json\/wp\/v2\/pages"}],"about":[{"href":"https:\/\/maureenmartineau.com\/en\/wp-json\/wp\/v2\/types\/page"}],"author":[{"embeddable":true,"href":"https:\/\/maureenmartineau.com\/en\/wp-json\/wp\/v2\/users\/1"}],"replies":[{"embeddable":true,"href":"https:\/\/maureenmartineau.com\/en\/wp-json\/wp\/v2\/comments?post=6282"}],"version-history":[{"count":22,"href":"https:\/\/maureenmartineau.com\/en\/wp-json\/wp\/v2\/pages\/6282\/revisions"}],"predecessor-version":[{"id":6729,"href":"https:\/\/maureenmartineau.com\/en\/wp-json\/wp\/v2\/pages\/6282\/revisions\/6729"}],"wp:attachment":[{"href":"https:\/\/maureenmartineau.com\/en\/wp-json\/wp\/v2\/media?parent=6282"}],"curies":[{"name":"wp","href":"https:\/\/api.w.org\/{rel}","templated":true}]}}