{"id":6279,"date":"2024-01-06T18:15:17","date_gmt":"2024-01-06T18:15:17","guid":{"rendered":"https:\/\/maureenmartineau.com\/?page_id=6279"},"modified":"2024-03-02T21:23:39","modified_gmt":"2024-03-02T21:23:39","slug":"a-propos","status":"publish","type":"page","link":"https:\/\/maureenmartineau.com\/en\/a-propos\/","title":{"rendered":"About"},"content":{"rendered":"<p>[et_pb_section fb_built=\u00a0\u00bb1&Prime; custom_padding_last_edited=\u00a0\u00bbon|phone\u00a0\u00bb admin_label=\u00a0\u00bbAbout\u00a0\u00bb module_id=\u00a0\u00bba_propos\u00a0\u00bb _builder_version=\u00a0\u00bb4.24.2&Prime; _module_preset=\u00a0\u00bbdefault\u00a0\u00bb background_color=\u00a0\u00bb#040200&Prime; custom_padding=\u00a0\u00bb107px|20px|107px|20px|true|true\u00a0\u00bb custom_padding_tablet=\u00a0\u00bb20px|10px|20px|10px|true|true\u00a0\u00bb custom_padding_phone=\u00a0\u00bb10px|20px|10px|20px|true|true\u00a0\u00bb locked=\u00a0\u00bboff\u00a0\u00bb collapsed=\u00a0\u00bbon\u00a0\u00bb global_colors_info=\u00a0\u00bb{}\u00a0\u00bb][et_pb_row column_structure=\u00a0\u00bb1_3,2_3&Prime; custom_padding_last_edited=\u00a0\u00bbon|phone\u00a0\u00bb _builder_version=\u00a0\u00bb4.24.2&Prime; _module_preset=\u00a0\u00bbdefault\u00a0\u00bb width_tablet=\u00a0\u00bb\u00a0\u00bb width_phone=\u00a0\u00bb100%\u00a0\u00bb width_last_edited=\u00a0\u00bbon|phone\u00a0\u00bb custom_padding=\u00a0\u00bb60px|30px||30px|false|true\u00a0\u00bb custom_padding_tablet=\u00a0\u00bb|30px||30px|false|true\u00a0\u00bb custom_padding_phone=\u00a0\u00bb|5px||5px|false|true\u00a0\u00bb animation_style=\u00a0\u00bbfade\u00a0\u00bb animation_duration=\u00a0\u00bb1400ms\u00a0\u00bb module_alignment_tablet=\u00a0\u00bb\u00a0\u00bb module_alignment_phone=\u00a0\u00bbcenter\u00a0\u00bb module_alignment_last_edited=\u00a0\u00bbon|phone\u00a0\u00bb global_colors_info=\u00a0\u00bb{}\u00a0\u00bb][et_pb_column type=\u00a0\u00bb1_3&Prime; _builder_version=\u00a0\u00bb4.20.0&Prime; _module_preset=\u00a0\u00bbdefault\u00a0\u00bb global_colors_info=\u00a0\u00bb{}\u00a0\u00bb][et_pb_image src=\u00a0\u00bbhttps:\/\/maureenmartineau.com\/wp-content\/uploads\/2023\/09\/maureenmartineau-Blanche-Bulles-photographie-_-.jpg\u00a0\u00bb alt=\u00a0\u00bbmaureen martineau\u00a0\u00bb title_text=\u00a0\u00bbmaureenmartineau Blanche Bulles photographie _\u00a0\u00bb _builder_version=\u00a0\u00bb4.24.2&Prime; _module_preset=\u00a0\u00bbdefault\u00a0\u00bb width=\u00a0\u00bb100%\u00a0\u00bb module_alignment=\u00a0\u00bbleft\u00a0\u00bb custom_padding=\u00a0\u00bb10px|20px|10px|20px|true|true\u00a0\u00bb custom_padding_tablet=\u00a0\u00bb|5px||5px|true|true\u00a0\u00bb custom_padding_phone=\u00a0\u00bb|5px||5px|true|true\u00a0\u00bb custom_padding_last_edited=\u00a0\u00bbon|tablet\u00a0\u00bb hover_enabled=\u00a0\u00bb0&Prime; box_shadow_style=\u00a0\u00bbpreset4&Prime; box_shadow_horizontal=\u00a0\u00bb4px\u00a0\u00bb box_shadow_vertical=\u00a0\u00bb4px\u00a0\u00bb box_shadow_color=\u00a0\u00bb#B60000&Prime; global_colors_info=\u00a0\u00bb{}\u00a0\u00bb sticky_enabled=\u00a0\u00bb0&Prime;][\/et_pb_image][\/et_pb_column][et_pb_column type=\u00a0\u00bb2_3&Prime; _builder_version=\u00a0\u00bb4.20.0&Prime; _module_preset=\u00a0\u00bbdefault\u00a0\u00bb global_colors_info=\u00a0\u00bb{}\u00a0\u00bb][et_pb_text _builder_version=\u00a0\u00bb4.24.2&Prime; _module_preset=\u00a0\u00bbdefault\u00a0\u00bb header_font=\u00a0\u00bb|700||on|||||\u00a0\u00bb header_text_color=\u00a0\u00bb#FFFFFF\u00a0\u00bb header_font_size=\u00a0\u00bb39px\u00a0\u00bb header_letter_spacing=\u00a0\u00bb1px\u00a0\u00bb header_2_text_color=\u00a0\u00bb#faf9f6&Prime; custom_margin=\u00a0\u00bb||11px|||\u00a0\u00bb custom_margin_tablet=\u00a0\u00bb\u00a0\u00bb custom_margin_phone=\u00a0\u00bb\u00a0\u00bb custom_margin_last_edited=\u00a0\u00bbon|phone\u00a0\u00bb custom_padding=\u00a0\u00bb10px|20px|10px|20px|true|true\u00a0\u00bb custom_padding_tablet=\u00a0\u00bb5px|5px|5px|5px|true|true\u00a0\u00bb custom_padding_phone=\u00a0\u00bb0px|5px|0px|5px|false|true\u00a0\u00bb custom_padding_last_edited=\u00a0\u00bbon|phone\u00a0\u00bb text_font_size_tablet=\u00a0\u00bb\u00a0\u00bb text_font_size_phone=\u00a0\u00bb18px\u00a0\u00bb text_font_size_last_edited=\u00a0\u00bbon|phone\u00a0\u00bb text_letter_spacing_tablet=\u00a0\u00bb\u00a0\u00bb text_letter_spacing_phone=\u00a0\u00bb1px\u00a0\u00bb text_letter_spacing_last_edited=\u00a0\u00bbon|phone\u00a0\u00bb header_text_align_tablet=\u00a0\u00bb\u00a0\u00bb header_text_align_phone=\u00a0\u00bbcenter\u00a0\u00bb header_text_align_last_edited=\u00a0\u00bbon|phone\u00a0\u00bb header_font_size_tablet=\u00a0\u00bb39px\u00a0\u00bb header_font_size_phone=\u00a0\u00bb30px\u00a0\u00bb header_font_size_last_edited=\u00a0\u00bbon|phone\u00a0\u00bb text_orientation_tablet=\u00a0\u00bb\u00a0\u00bb text_orientation_phone=\u00a0\u00bbcenter\u00a0\u00bb text_orientation_last_edited=\u00a0\u00bbon|phone\u00a0\u00bb module_alignment_tablet=\u00a0\u00bb\u00a0\u00bb module_alignment_phone=\u00a0\u00bbcenter\u00a0\u00bb module_alignment_last_edited=\u00a0\u00bbon|phone\u00a0\u00bb global_colors_info=\u00a0\u00bb{}\u00a0\u00bb]<\/p>\n<h1>\u00c0 propos<\/h1>\n<p>[\/et_pb_text][et_pb_text _builder_version=\u00a0\u00bb4.24.2&Prime; _module_preset=\u00a0\u00bb85495d91-bcdd-4397-af65-ffdd74dcccfa\u00a0\u00bb text_text_color=\u00a0\u00bb#ffffff\u00a0\u00bb text_letter_spacing=\u00a0\u00bb1px\u00a0\u00bb width_tablet=\u00a0\u00bb\u00a0\u00bb width_phone=\u00a0\u00bb100%\u00a0\u00bb width_last_edited=\u00a0\u00bbon|phone\u00a0\u00bb custom_padding=\u00a0\u00bb10px|20px|10px|20px|true|true\u00a0\u00bb custom_padding_tablet=\u00a0\u00bb5px|5px|5px|5px|true|true\u00a0\u00bb custom_padding_phone=\u00a0\u00bb0px|5px|10px|5px|false|true\u00a0\u00bb custom_padding_last_edited=\u00a0\u00bbon|phone\u00a0\u00bb text_font_size_tablet=\u00a0\u00bb\u00a0\u00bb text_font_size_phone=\u00a0\u00bb16px\u00a0\u00bb text_font_size_last_edited=\u00a0\u00bbon|phone\u00a0\u00bb text_orientation_tablet=\u00a0\u00bb\u00a0\u00bb text_orientation_phone=\u00a0\u00bbleft\u00a0\u00bb text_orientation_last_edited=\u00a0\u00bbon|phone\u00a0\u00bb module_alignment_tablet=\u00a0\u00bb\u00a0\u00bb module_alignment_phone=\u00a0\u00bbcenter\u00a0\u00bb module_alignment_last_edited=\u00a0\u00bbon|phone\u00a0\u00bb global_colors_info=\u00a0\u00bb{}\u00a0\u00bb]<\/p>\n<p>Maureen Martineau a \u00e9t\u00e9 com\u00e9dienne, metteure en sc\u00e8ne et auteure au\u00a0<span>Th\u00e9\u00e2tre<\/span>\u00a0<span>Parminou<\/span>. Son expertise en art social l\u2019a men\u00e9e en Am\u00e9rique centrale et en Inde, o\u00f9 elle collabore avec l\u2019ONG\u00a0<span>One<\/span>\u00a0<span>Drop<\/span>. En 2012, elle publiait un premier polar,\u00a0<span><em>Le jeu de l\u2019ogre<\/em><\/span>, et remportait le prix d\u2019excellence du CALQ. En 2014,\u00a0<span><em>L\u2019enfant promis<\/em><\/span>\u00a0s\u2019est m\u00e9rit\u00e9 le prix\u00a0<span><strong>Arthur-Ellis du meilleur roman policier francophone canadien<\/strong><\/span>. En 2015,\u00a0<span><em>Une \u00e9glise pour les oiseaux<\/em><\/span> inaugure la nouvelle s\u00e9rie de romans noirs chez <span>H\u00e9liotrope<\/span>, suivi par <em>Zec La Croche<\/em>.<\/p>\n<p>Ces deux romans ont \u00e9galement \u00e9t\u00e9 \u00e9dit\u00e9s en France chez L\u2019aube noire. Chez <span>VLB \u00c9diteur<em>\u00a0<\/em><\/span>para\u00eet\u00a0<span><em>L\u2019activiste<\/em><\/span>&#8211;<span><em>le jour des morts<\/em><\/span>, <em>La ville allumette<\/em> ainsi que <em>Les enfants de Godmann<\/em>, cinqui\u00e8me enqu\u00eate de la sergente-d\u00e9tective Judith Allison, roman pour lequel elle se m\u00e9rite le prestigieux prix du CALQ, <strong>Artiste de l\u2019ann\u00e9e 2023 au Centre-du-Qu\u00e9bec<\/strong>. On peut \u00e9galement lire ses nouvelles noires dans le recueil <em>Criminelles<\/em> publi\u00e9 chez Alire, en collaboration avec Ariane G\u00e9linas, ou encore dans le recueil <em>Noir Montr\u00e9al,<\/em> paru chez Saint-Jean \u00c9diteur.<\/p>\n<p>Ces derni\u00e8res ann\u00e9es, Maureen Martineau a travaill\u00e9 comme sc\u00e9nariste pour divers projets t\u00e9l\u00e9visuels avec la maison de production Version 10. La s\u00e9rie polici\u00e8re <em>D\u00e9tective Surprenant<\/em> qu\u2019elle signe avec Marie-\u00c8ve Bourassa, d\u2019apr\u00e8s l\u2019\u0153uvre de Jean Lemieux, est diffus\u00e9e depuis d\u00e9cembre 2023 sur les plateformes de TVA.<\/p>\n<p>[\/et_pb_text][\/et_pb_column][\/et_pb_row][\/et_pb_section]<\/p>\n","protected":false},"excerpt":{"rendered":"<p>\u00c0 proposMaureen Martineau a \u00e9t\u00e9 com\u00e9dienne, metteure en sc\u00e8ne et auteure au\u00a0Th\u00e9\u00e2tre\u00a0Parminou. Son expertise en art social l\u2019a men\u00e9e en Am\u00e9rique centrale et en Inde, o\u00f9 elle collabore avec l\u2019ONG\u00a0One\u00a0Drop. En 2012, elle publiait un premier polar,\u00a0Le jeu de l\u2019ogre, et remportait le prix d\u2019excellence du CALQ. En 2014,\u00a0L\u2019enfant promis\u00a0s\u2019est m\u00e9rit\u00e9 le prix\u00a0Arthur-Ellis du meilleur [&hellip;]<\/p>\n","protected":false},"author":1,"featured_media":323,"parent":0,"menu_order":0,"comment_status":"closed","ping_status":"closed","template":"","meta":{"_et_pb_use_builder":"on","_et_pb_old_content":"","_et_gb_content_width":"","footnotes":""},"class_list":["post-6279","page","type-page","status-publish","has-post-thumbnail","hentry"],"yoast_head":"<!-- This site is optimized with the Yoast SEO plugin v27.5 - https:\/\/yoast.com\/product\/yoast-seo-wordpress\/ -->\n<title>\u00c0 propos - Maureen Martineau<\/title>\n<meta name=\"description\" content=\"Maureen Martineau a \u00e9t\u00e9 com\u00e9dienne, metteure en sc\u00e8ne et auteure au Th\u00e9\u00e2tre Parminou. Son expertise en art social l\u2019a men\u00e9e en Am\u00e9rique centrale et en Inde, o\u00f9 elle collabore avec l\u2019ONG One Drop. En 2012, elle publiait un premier polar, Le jeu de l\u2019ogre, et remportait le prix d\u2019excellence du CALQ.\" \/>\n<meta name=\"robots\" content=\"index, follow, max-snippet:-1, max-image-preview:large, max-video-preview:-1\" \/>\n<link rel=\"canonical\" href=\"https:\/\/maureenmartineau.com\/en\/a-propos\/\" \/>\n<meta property=\"og:locale\" content=\"en_US\" \/>\n<meta property=\"og:type\" content=\"article\" \/>\n<meta property=\"og:title\" content=\"\u00c0 propos - Maureen Martineau\" \/>\n<meta property=\"og:description\" content=\"Maureen Martineau a \u00e9t\u00e9 com\u00e9dienne, metteure en sc\u00e8ne et auteure au Th\u00e9\u00e2tre Parminou. Son expertise en art social l\u2019a men\u00e9e en Am\u00e9rique centrale et en Inde, o\u00f9 elle collabore avec l\u2019ONG One Drop. En 2012, elle publiait un premier polar, Le jeu de l\u2019ogre, et remportait le prix d\u2019excellence du CALQ.\" \/>\n<meta property=\"og:url\" content=\"https:\/\/maureenmartineau.com\/en\/a-propos\/\" \/>\n<meta property=\"og:site_name\" content=\"Maureen Martineau\" \/>\n<meta property=\"article:modified_time\" content=\"2024-03-02T21:23:39+00:00\" \/>\n<meta property=\"og:image\" content=\"https:\/\/maureenmartineau.com\/wp-content\/uploads\/2023\/09\/maureenmartineau-Blanche-Bulles-photographie-_--1024x976.jpg\" \/>\n\t<meta property=\"og:image:width\" content=\"1024\" \/>\n\t<meta property=\"og:image:height\" content=\"976\" \/>\n\t<meta property=\"og:image:type\" content=\"image\/jpeg\" \/>\n<meta name=\"twitter:card\" content=\"summary_large_image\" \/>\n<meta name=\"twitter:label1\" content=\"Est. reading time\" \/>\n\t<meta name=\"twitter:data1\" content=\"2 minutes\" \/>\n<script type=\"application\/ld+json\" class=\"yoast-schema-graph\">{\"@context\":\"https:\\\/\\\/schema.org\",\"@graph\":[{\"@type\":\"WebPage\",\"@id\":\"https:\\\/\\\/maureenmartineau.com\\\/a-propos\\\/\",\"url\":\"https:\\\/\\\/maureenmartineau.com\\\/a-propos\\\/\",\"name\":\"\u00c0 propos - Maureen Martineau\",\"isPartOf\":{\"@id\":\"https:\\\/\\\/maureenmartineau.com\\\/#website\"},\"primaryImageOfPage\":{\"@id\":\"https:\\\/\\\/maureenmartineau.com\\\/a-propos\\\/#primaryimage\"},\"image\":{\"@id\":\"https:\\\/\\\/maureenmartineau.com\\\/a-propos\\\/#primaryimage\"},\"thumbnailUrl\":\"https:\\\/\\\/maureenmartineau.com\\\/wp-content\\\/uploads\\\/2023\\\/09\\\/maureenmartineau-Blanche-Bulles-photographie-_-.jpg\",\"datePublished\":\"2024-01-06T18:15:17+00:00\",\"dateModified\":\"2024-03-02T21:23:39+00:00\",\"description\":\"Maureen Martineau a \u00e9t\u00e9 com\u00e9dienne, metteure en sc\u00e8ne et auteure au Th\u00e9\u00e2tre Parminou. Son expertise en art social l\u2019a men\u00e9e en Am\u00e9rique centrale et en Inde, o\u00f9 elle collabore avec l\u2019ONG One Drop. En 2012, elle publiait un premier polar, Le jeu de l\u2019ogre, et remportait le prix d\u2019excellence du CALQ.\",\"breadcrumb\":{\"@id\":\"https:\\\/\\\/maureenmartineau.com\\\/a-propos\\\/#breadcrumb\"},\"inLanguage\":\"en-CA\",\"potentialAction\":[{\"@type\":\"ReadAction\",\"target\":[\"https:\\\/\\\/maureenmartineau.com\\\/a-propos\\\/\"]}]},{\"@type\":\"ImageObject\",\"inLanguage\":\"en-CA\",\"@id\":\"https:\\\/\\\/maureenmartineau.com\\\/a-propos\\\/#primaryimage\",\"url\":\"https:\\\/\\\/maureenmartineau.com\\\/wp-content\\\/uploads\\\/2023\\\/09\\\/maureenmartineau-Blanche-Bulles-photographie-_-.jpg\",\"contentUrl\":\"https:\\\/\\\/maureenmartineau.com\\\/wp-content\\\/uploads\\\/2023\\\/09\\\/maureenmartineau-Blanche-Bulles-photographie-_-.jpg\",\"width\":2000,\"height\":1906,\"caption\":\"maureen martineau\"},{\"@type\":\"BreadcrumbList\",\"@id\":\"https:\\\/\\\/maureenmartineau.com\\\/a-propos\\\/#breadcrumb\",\"itemListElement\":[{\"@type\":\"ListItem\",\"position\":1,\"name\":\"Accueil\",\"item\":\"https:\\\/\\\/maureenmartineau.com\\\/\"},{\"@type\":\"ListItem\",\"position\":2,\"name\":\"\u00c0 propos\"}]},{\"@type\":\"WebSite\",\"@id\":\"https:\\\/\\\/maureenmartineau.com\\\/#website\",\"url\":\"https:\\\/\\\/maureenmartineau.com\\\/\",\"name\":\"Maureen Martineau\",\"description\":\"\",\"publisher\":{\"@id\":\"https:\\\/\\\/maureenmartineau.com\\\/#organization\"},\"potentialAction\":[{\"@type\":\"SearchAction\",\"target\":{\"@type\":\"EntryPoint\",\"urlTemplate\":\"https:\\\/\\\/maureenmartineau.com\\\/?s={search_term_string}\"},\"query-input\":{\"@type\":\"PropertyValueSpecification\",\"valueRequired\":true,\"valueName\":\"search_term_string\"}}],\"inLanguage\":\"en-CA\"},{\"@type\":\"Organization\",\"@id\":\"https:\\\/\\\/maureenmartineau.com\\\/#organization\",\"name\":\"Maureen Martineau\",\"url\":\"https:\\\/\\\/maureenmartineau.com\\\/\",\"logo\":{\"@type\":\"ImageObject\",\"inLanguage\":\"en-CA\",\"@id\":\"https:\\\/\\\/maureenmartineau.com\\\/#\\\/schema\\\/logo\\\/image\\\/\",\"url\":\"https:\\\/\\\/maureenmartineau.com\\\/wp-content\\\/uploads\\\/2023\\\/09\\\/maureenmartineau-Blanche-Bulles-photographie-_--1024x976.jpg\",\"contentUrl\":\"https:\\\/\\\/maureenmartineau.com\\\/wp-content\\\/uploads\\\/2023\\\/09\\\/maureenmartineau-Blanche-Bulles-photographie-_--1024x976.jpg\",\"width\":1024,\"height\":976,\"caption\":\"Maureen Martineau\"},\"image\":{\"@id\":\"https:\\\/\\\/maureenmartineau.com\\\/#\\\/schema\\\/logo\\\/image\\\/\"}}]}<\/script>\n<!-- \/ Yoast SEO plugin. -->","yoast_head_json":{"title":"\u00c0 propos - Maureen Martineau","description":"Maureen Martineau a \u00e9t\u00e9 com\u00e9dienne, metteure en sc\u00e8ne et auteure au Th\u00e9\u00e2tre Parminou. Son expertise en art social l\u2019a men\u00e9e en Am\u00e9rique centrale et en Inde, o\u00f9 elle collabore avec l\u2019ONG One Drop. En 2012, elle publiait un premier polar, Le jeu de l\u2019ogre, et remportait le prix d\u2019excellence du CALQ.","robots":{"index":"index","follow":"follow","max-snippet":"max-snippet:-1","max-image-preview":"max-image-preview:large","max-video-preview":"max-video-preview:-1"},"canonical":"https:\/\/maureenmartineau.com\/en\/a-propos\/","og_locale":"en_US","og_type":"article","og_title":"\u00c0 propos - Maureen Martineau","og_description":"Maureen Martineau a \u00e9t\u00e9 com\u00e9dienne, metteure en sc\u00e8ne et auteure au Th\u00e9\u00e2tre Parminou. Son expertise en art social l\u2019a men\u00e9e en Am\u00e9rique centrale et en Inde, o\u00f9 elle collabore avec l\u2019ONG One Drop. En 2012, elle publiait un premier polar, Le jeu de l\u2019ogre, et remportait le prix d\u2019excellence du CALQ.","og_url":"https:\/\/maureenmartineau.com\/en\/a-propos\/","og_site_name":"Maureen Martineau","article_modified_time":"2024-03-02T21:23:39+00:00","og_image":[{"width":1024,"height":976,"url":"https:\/\/maureenmartineau.com\/wp-content\/uploads\/2023\/09\/maureenmartineau-Blanche-Bulles-photographie-_--1024x976.jpg","type":"image\/jpeg"}],"twitter_card":"summary_large_image","twitter_misc":{"Est. reading time":"2 minutes"},"schema":{"@context":"https:\/\/schema.org","@graph":[{"@type":"WebPage","@id":"https:\/\/maureenmartineau.com\/a-propos\/","url":"https:\/\/maureenmartineau.com\/a-propos\/","name":"\u00c0 propos - Maureen Martineau","isPartOf":{"@id":"https:\/\/maureenmartineau.com\/#website"},"primaryImageOfPage":{"@id":"https:\/\/maureenmartineau.com\/a-propos\/#primaryimage"},"image":{"@id":"https:\/\/maureenmartineau.com\/a-propos\/#primaryimage"},"thumbnailUrl":"https:\/\/maureenmartineau.com\/wp-content\/uploads\/2023\/09\/maureenmartineau-Blanche-Bulles-photographie-_-.jpg","datePublished":"2024-01-06T18:15:17+00:00","dateModified":"2024-03-02T21:23:39+00:00","description":"Maureen Martineau a \u00e9t\u00e9 com\u00e9dienne, metteure en sc\u00e8ne et auteure au Th\u00e9\u00e2tre Parminou. Son expertise en art social l\u2019a men\u00e9e en Am\u00e9rique centrale et en Inde, o\u00f9 elle collabore avec l\u2019ONG One Drop. En 2012, elle publiait un premier polar, Le jeu de l\u2019ogre, et remportait le prix d\u2019excellence du CALQ.","breadcrumb":{"@id":"https:\/\/maureenmartineau.com\/a-propos\/#breadcrumb"},"inLanguage":"en-CA","potentialAction":[{"@type":"ReadAction","target":["https:\/\/maureenmartineau.com\/a-propos\/"]}]},{"@type":"ImageObject","inLanguage":"en-CA","@id":"https:\/\/maureenmartineau.com\/a-propos\/#primaryimage","url":"https:\/\/maureenmartineau.com\/wp-content\/uploads\/2023\/09\/maureenmartineau-Blanche-Bulles-photographie-_-.jpg","contentUrl":"https:\/\/maureenmartineau.com\/wp-content\/uploads\/2023\/09\/maureenmartineau-Blanche-Bulles-photographie-_-.jpg","width":2000,"height":1906,"caption":"maureen martineau"},{"@type":"BreadcrumbList","@id":"https:\/\/maureenmartineau.com\/a-propos\/#breadcrumb","itemListElement":[{"@type":"ListItem","position":1,"name":"Accueil","item":"https:\/\/maureenmartineau.com\/"},{"@type":"ListItem","position":2,"name":"\u00c0 propos"}]},{"@type":"WebSite","@id":"https:\/\/maureenmartineau.com\/#website","url":"https:\/\/maureenmartineau.com\/","name":"Maureen Martineau","description":"","publisher":{"@id":"https:\/\/maureenmartineau.com\/#organization"},"potentialAction":[{"@type":"SearchAction","target":{"@type":"EntryPoint","urlTemplate":"https:\/\/maureenmartineau.com\/?s={search_term_string}"},"query-input":{"@type":"PropertyValueSpecification","valueRequired":true,"valueName":"search_term_string"}}],"inLanguage":"en-CA"},{"@type":"Organization","@id":"https:\/\/maureenmartineau.com\/#organization","name":"Maureen Martineau","url":"https:\/\/maureenmartineau.com\/","logo":{"@type":"ImageObject","inLanguage":"en-CA","@id":"https:\/\/maureenmartineau.com\/#\/schema\/logo\/image\/","url":"https:\/\/maureenmartineau.com\/wp-content\/uploads\/2023\/09\/maureenmartineau-Blanche-Bulles-photographie-_--1024x976.jpg","contentUrl":"https:\/\/maureenmartineau.com\/wp-content\/uploads\/2023\/09\/maureenmartineau-Blanche-Bulles-photographie-_--1024x976.jpg","width":1024,"height":976,"caption":"Maureen Martineau"},"image":{"@id":"https:\/\/maureenmartineau.com\/#\/schema\/logo\/image\/"}}]}},"_links":{"self":[{"href":"https:\/\/maureenmartineau.com\/en\/wp-json\/wp\/v2\/pages\/6279","targetHints":{"allow":["GET"]}}],"collection":[{"href":"https:\/\/maureenmartineau.com\/en\/wp-json\/wp\/v2\/pages"}],"about":[{"href":"https:\/\/maureenmartineau.com\/en\/wp-json\/wp\/v2\/types\/page"}],"author":[{"embeddable":true,"href":"https:\/\/maureenmartineau.com\/en\/wp-json\/wp\/v2\/users\/1"}],"replies":[{"embeddable":true,"href":"https:\/\/maureenmartineau.com\/en\/wp-json\/wp\/v2\/comments?post=6279"}],"version-history":[{"count":17,"href":"https:\/\/maureenmartineau.com\/en\/wp-json\/wp\/v2\/pages\/6279\/revisions"}],"predecessor-version":[{"id":6722,"href":"https:\/\/maureenmartineau.com\/en\/wp-json\/wp\/v2\/pages\/6279\/revisions\/6722"}],"wp:featuredmedia":[{"embeddable":true,"href":"https:\/\/maureenmartineau.com\/en\/wp-json\/wp\/v2\/media\/323"}],"wp:attachment":[{"href":"https:\/\/maureenmartineau.com\/en\/wp-json\/wp\/v2\/media?parent=6279"}],"curies":[{"name":"wp","href":"https:\/\/api.w.org\/{rel}","templated":true}]}}